{"id":171,"date":"2024-08-19T11:27:20","date_gmt":"2024-08-19T09:27:20","guid":{"rendered":"https:\/\/siudzinska.eu\/?page_id=171"},"modified":"2026-03-18T21:19:28","modified_gmt":"2026-03-18T20:19:28","slug":"o-mnie","status":"publish","type":"page","link":"https:\/\/siudzinska.eu\/o-mnie\/","title":{"rendered":"Zaczynamy!"},"content":{"rendered":"\n<figure data-spectra-id=\"spectra-3d5649f2-2027-4601-8297-e687517554fd\" class=\"wp-block-image is-resized\"><img loading=\"lazy\" decoding=\"async\" width=\"1024\" height=\"572\" src=\"http:\/\/siudzinska.eu\/wp-content\/uploads\/2026\/03\/Gemini_Generated_Image_d0iw1hd0iw1hd0iw-1024x572.png\" alt=\"Gemini Generated Image D0iw1hd0iw1hd0iw 1024x572\" class=\"wp-image-298\" title=\"Zaczynamy!\" srcset=\"https:\/\/siudzinska.eu\/wp-content\/uploads\/2026\/03\/Gemini_Generated_Image_d0iw1hd0iw1hd0iw-1024x572.png 1024w, https:\/\/siudzinska.eu\/wp-content\/uploads\/2026\/03\/Gemini_Generated_Image_d0iw1hd0iw1hd0iw-300x167.png 300w, https:\/\/siudzinska.eu\/wp-content\/uploads\/2026\/03\/Gemini_Generated_Image_d0iw1hd0iw1hd0iw-768x429.png 768w, https:\/\/siudzinska.eu\/wp-content\/uploads\/2026\/03\/Gemini_Generated_Image_d0iw1hd0iw1hd0iw-1536x857.png 1536w, https:\/\/siudzinska.eu\/wp-content\/uploads\/2026\/03\/Gemini_Generated_Image_d0iw1hd0iw1hd0iw-2048x1143.png 2048w\" sizes=\"auto, (max-width: 1024px) 100vw, 1024px\" \/><\/figure>\n\n\n\n<div class=\"wp-block-cover alignfull has-white-color has-text-color\" style=\"margin-top:0;padding-top:4vw;padding-right:4vw;padding-bottom:4vw;padding-left:4vw;min-height:66vh;aspect-ratio:unset;\"><span aria-hidden=\"true\" class=\"wp-block-cover__background has-black-background-color has-background-dim-100 has-background-dim\"><\/span><div class=\"wp-block-cover__inner-container is-layout-flow wp-block-cover-is-layout-flow\">\n<div class=\"wp-block-group is-content-justification-left is-layout-constrained wp-container-core-group-is-layout-d7e6ce0a wp-block-group-is-layout-constrained\">\n<p class=\"has-text-align-left has-text-color\" style=\"color:#ffffff61;font-size:120px;font-style:normal;font-weight:700;letter-spacing:-2px;line-height:1;text-transform:uppercase\">\u017byj po swojemu!<br>\u017byj na w\u0142asnych zasadach!<br><br><\/p>\n\n\n\n<p class=\"has-text-align-right has-text-color\" style=\"color:#ffffff73;font-size:72px;font-style:normal;font-weight:700;letter-spacing:0px;line-height:1;text-transform:uppercase\"><strong>to si\u0119 dobrze sprzedaje<\/strong><\/p>\n\n\n\n<p class=\"has-text-align-left has-text-color\" style=\"color:#ffffffad;font-size:72px;font-style:normal;font-weight:700;letter-spacing:0px;line-height:1;text-transform:uppercase\">w pe\u0142ni popieram za\u0142o\u017cenia<\/p>\n\n\n\n<p class=\"has-text-align-right has-text-color\" style=\"color:#ffffffd1;font-size:148px;font-style:normal;font-weight:700;letter-spacing:-2px;line-height:1;text-transform:uppercase\">ale jak jest z realizacj\u0105<\/p>\n\n\n\n<p class=\"has-text-align-left has-text-color\" style=\"color:#fffffff5;font-size:162px;font-style:normal;font-weight:700;letter-spacing:-2px;line-height:1;text-transform:uppercase\">wia-do-mo.<\/p>\n<\/div>\n<\/div><\/div>\n\n\n\n<p><\/p>\n\n\n\n<div class=\"wp-block-group is-layout-constrained wp-block-group-is-layout-constrained\">\n<p><\/p>\n\n\n\n<p>U\u015bmiechamy si\u0119 pob\u0142a\u017cliwie do tych wszystkich zmian w weekend, wielkich transformacji, warsztat\u00f3w na Bali. Wiemy, \u017ce \u017cycie to nie jest jedna d\u0142uga rolka na Instagramie.<\/p>\n\n\n\n<p>Zmiana. <br>Trzeba si\u0119 zmieni\u0107. Trzeba by\u0107 innym. Awansowa\u0107. Mie\u0107 karier\u0119. Rodzin\u0119. Pasje. Trzeba. Du\u017co rzeczy w \u017cyciu trzeba.<\/p>\n\n\n\n<p>Wszyscy opowiadamy sobie t\u0119 sam\u0105 bajk\u0119 pod tytu\u0142em: <strong>Zrobi\u0119 to, jak tylko znajd\u0119 czas.<\/strong> <br>Czekamy, a\u017c kosmos si\u0119 wyr\u00f3wna, dzieci dorosn\u0105, a w pracy nastanie mityczny spok\u00f3j.<\/p>\n\n\n\n<p>I czasem nagle czujesz ten przyp\u0142yw. \u017be to ju\u017c, teraz, ta zmiana, o kt\u00f3rej tyle my\u015blisz. To ten poniedzia\u0142ek, w kt\u00f3ry wystartujesz. Pierwszy dzie\u0144 miesi\u0105ca. Idealnie. Kupujesz nowy planer, instalujesz aplikacj\u0119, czujesz t\u0119 ekscytacj\u0119 na my\u015bl o nowym\/ nowej JA.<\/p>\n\n\n\n<p>Wtedy jeszcze wydaje si\u0119, \u017ce to tylko kwestia techniczna. \u017be wystarczy usi\u0105\u015b\u0107 i po prostu to wszystko pouk\u0142ada\u0107: zweryfikowa\u0107 pragnienia, zwa\u017cy\u0107 mo\u017cliwo\u015bci, spisa\u0107 zasoby i nazwa\u0107 ograniczenia. Przecie\u017c po to s\u0105 te wszystkie rubryki w nowym planerze. Wype\u0142niasz je i czujesz, \u017ce skoro ju\u017c wiesz, czego chcesz, to najtrudniejsze za Tob\u0105. Teraz \u201etylko\u201d wdro\u017cenie.<\/p>\n\n\n\n<p>I w\u0142a\u015bnie wtedy, kiedy ju\u017c to wszystko ponazywasz, przychodzi ta obezw\u0142adniaj\u0105ca pokusa, by to, co by\u0142o z Tob\u0105 dot\u0105d &#8211; rzuci\u0107 w choler\u0119. Bo obudzone pragnienia krzycz\u0105, \u017ce odt\u0105d chcesz \u017cy\u0107 zupe\u0142nie inaczej. Nagle czujesz, \u017ce mo\u017cesz wszystko, \u017ce masz w sobie ten mityczny pe\u0142en potencja\u0142 i zaraz rozbijesz bank.<\/p>\n\n\n\n<p>A potem przychodzi wtorek.<\/p>\n\n\n\n<p>I okazuje si\u0119, \u017ce wykonanie g\u0142upiego telefonu z reklamacj\u0105 do sklepu jest czym\u015b, co Ci\u0119 przerasta. Mnie zreszt\u0105 te\u017c. Ten \u201epe\u0142en potencja\u0142\u201d nagle chowa si\u0119 pod ko\u0142dr\u0119, bo trzeba skonfrontowa\u0107 si\u0119 z niemi\u0142ym panem z obs\u0142ugi klienta.<\/p>\n\n\n\n<p>Szukasz inspiracji w biografiach wielkich ludzi, patrzysz na ich globalne dokonania i my\u015blisz o swoich krokach: takie byle co, nie? Miliard\u00f3w nie przynios\u0142o, globalnie bez znaczenia. Ale to w\u0142a\u015bnie te \u201ebyle jakie\u201d kroki buduj\u0105 Twoj\u0105 rzeczywisto\u015b\u0107. <\/p>\n\n\n\n<p>Tylko \u017ce robienie tych ma\u0142ych rzeczy jest przera\u017aliwie nudne i trudne. Wi\u0119c uciekasz w zasuwanie. Wolisz wzi\u0105\u0107 na siebie kolejny projekt, dopisa\u0107 dziesi\u0119\u0107 punkt\u00f3w do listy i pa\u015b\u0107 wieczorem ze zm\u0119czenia, byle tylko nie poczu\u0107, \u017ce stoisz w miejscu.<\/p>\n\n\n\n<p><strong>Wi\u0119c po co tak w\u0142a\u015bciwie zasuwasz? \u017beby do czego\u015b dobiec, czy \u017ceby nie musie\u0107 si\u0119 wreszcie zatrzyma\u0107?<\/strong><\/p>\n\n\n\n<p>Tak uczciwie: wiesz w\u0142a\u015bciwie, co chcesz osi\u0105gn\u0105\u0107? Jaki ma by\u0107 rezultat Twoich dzia\u0142a\u0144?<br>Mo\u017cesz nie wiedzie\u0107. To ludzkie. Tylko <strong>po co wtedy tak zasuwa\u0107?<\/strong><\/p>\n\n\n\n<p><\/p>\n<\/div>\n\n\n\n<div class=\"wp-block-columns is-layout-flex wp-container-core-columns-is-layout-28f84493 wp-block-columns-is-layout-flex\">\n<div class=\"wp-block-column is-vertically-aligned-center is-layout-flow wp-block-column-is-layout-flow\" style=\"flex-basis:50%\">\n<p>Cho\u0107 internet karmi Ci\u0119 z\u0142udzeniem, \u017ce wszystko da si\u0119 za\u0142atwi\u0107 w trymiga \u2013 trzema sposobami na to i pi\u0119cioma krokami do tamtego.<\/p>\n\n\n\n<p>Nikt Ci nie powie wprost, \u017ce te wszystkie gotowe formu\u0142y i magiczne triki dzia\u0142aj\u0105 wy\u0142\u0105cznie na papierze. Kupujesz kolejny kurs o ekspresowym rozwoju, a potem przychodzi wtorek. I mi\u0119dzy kaw\u0105 a mailem, kt\u00f3rego boisz si\u0119 wys\u0142a\u0107, zostajesz z tym samym poczuciem, \u017ce po prostu nie dajesz rady.<\/p>\n\n\n\n<p>Ty ju\u017c wiesz, jak pracowa\u0107 du\u017co, \u017ceby potem pracowa\u0107 jeszcze wi\u0119cej.. Nie potrzebujesz kolejnej instrukcji sukcesu, kt\u00f3ra obiecuje, \u017ce od jutra wszystko p\u00f3jdzie g\u0142adko.<\/p>\n\n\n\n<p><strong>U mnie nie znajdziesz trzech z\u0142otych zasad. Znajdziesz za to mn\u00f3stwo sposob\u00f3w &#8211; i b\u0119dziemy je testowa\u0107 do skutku.<\/strong><\/p>\n\n\n\n<p>Bo wierz\u0119, \u017ce nie szuka si\u0119 jednego sposobu, kt\u00f3ry zadzia\u0142a. Szuka si\u0119 ich w niesko\u0144czono\u015b\u0107. \u0106wiczy si\u0119 je, sprawdza, porzuca i podnosi z ziemi po ka\u017cdej pora\u017cce. Rozw\u00f3j, w kt\u00f3ry ja wierz\u0119, to nie jest o\u015bwiecenie pod palm\u0105 &#8211; to <strong>niez\u0142omne trenowanie codzienno\u015bci<\/strong>. To planowanie pora\u017cek i dbanie o to, \u017ceby\u015b mia\u0142 si\u0142\u0119 je ud\u017awign\u0105\u0107.<\/p>\n\n\n\n<p>Teraz potrzebujesz kogo\u015b, kto pomo\u017ce Ci przesta\u0107 wierzy\u0107 w te ekspresowe sposoby i zacznie z Tob\u0105 rzeteln\u0105 robot\u0119 nad tym, co realnie masz w kalendarzu. I m\u0119stwa, \u017ceby wyrzuci\u0107 z niego to, co Ci\u0119 dusi.<\/p>\n<\/div>\n\n\n\n<div class=\"wp-block-column is-layout-flow wp-block-column-is-layout-flow\" style=\"flex-basis:50%\">\n<figure class=\"wp-block-image size-full\" id=\"main-photo\"><img loading=\"lazy\" decoding=\"async\" width=\"957\" height=\"960\" src=\"http:\/\/siudzinska.eu\/wp-content\/uploads\/2024\/06\/Marta-photo.jpg\" alt=\"Marta Photo\" style=\"border-radius:50%\" class=\"wp-image-154\" title=\"Zaczynamy!\" srcset=\"https:\/\/siudzinska.eu\/wp-content\/uploads\/2024\/06\/Marta-photo.jpg 957w, https:\/\/siudzinska.eu\/wp-content\/uploads\/2024\/06\/Marta-photo-300x300.jpg 300w, https:\/\/siudzinska.eu\/wp-content\/uploads\/2024\/06\/Marta-photo-150x150.jpg 150w, https:\/\/siudzinska.eu\/wp-content\/uploads\/2024\/06\/Marta-photo-768x770.jpg 768w\" sizes=\"auto, (max-width: 957px) 100vw, 957px\" \/><\/figure>\n<\/div>\n<\/div>\n\n\n\n<div class=\"wp-block-columns alignwide is-layout-flex wp-container-core-columns-is-layout-d2da2050 wp-block-columns-is-layout-flex\" style=\"margin-bottom:0\"><\/div>\n\n\n\n<hr class=\"wp-block-separator has-css-opacity is-style-default\"\/>\n\n\n\n<figure data-spectra-id=\"spectra-a713085d-8362-4256-a08c-76404c5c6f0a\" class=\"wp-block-image aligncenter size-large is-resized is-style-rounded\"><img decoding=\"async\" src=\"https:\/\/s.w.org\/images\/core\/5.8\/portrait.jpg\" alt=\"Profil boczny kobiety w golfie w kolorze russet i bia\u0142ej torebce. Patrzy w g\u00f3r\u0119 z zamkni\u0119tymi oczami.\" title=\"Zaczynamy!\"><\/figure>\n\n\n\n<blockquote class=\"wp-block-quote has-text-align-center is-style-large is-layout-flow wp-block-quote-is-layout-flow\">\n<p>\u201eOdwaga zaczyna si\u0119 od odwa\u017cnego stawienia czo\u0142a i pozwolenia sobie na bycie zauwa\u017conym&#8221;<\/p>\n<cite>\u2014 Brene Brown<\/cite><\/blockquote>\n\n\n\n<hr class=\"wp-block-separator has-css-opacity is-style-default\"\/>\n\n\n\n<!--\nPut this code in place where you want to display your calendar\n-->\n<div\n        data-type=\"u\"\n        data-owner=\"siudzinska\"\n        data-slug=\"umow-sie-na-konsultacje-wstepna\"\n        data-primary=\"#083E66\"\n        data-secondary=\"#F7B897\"\n        data-avatar=\"\"\n        data-lang=\"pl\"\n        data-ampm=\"0\"\n        data-all-topics=\"true\"\n        \n        id=\"zencal-embed\"><\/div>\n\n<!--\nPut this code above the closing <\/body> tag\n-->\n<script \n    async\n    data-cookieconsent=\"ignore\"    \n    src=\"https:\/\/app.zencal.io\/js\/embed.js?v=3.3.8\">    \n<\/script>\n\n\n\n<div class=\"wp-block-group has-white-background-color has-background is-layout-flow wp-block-group-is-layout-flow\" style=\"padding-top:var(--wp--preset--spacing--80);padding-right:0;padding-bottom:var(--wp--preset--spacing--80);padding-left:0\"><h1 style=\"font-style:normal;font-weight:700;\" class=\"has-text-align-center wp-block-site-title has-medium-font-size\"><a href=\"https:\/\/siudzinska.eu\" target=\"_self\" rel=\"home\">siudzinska.eu<\/a><\/h1>\n\n<p class=\"has-text-align-center wp-block-site-tagline\">coach i moderator design thinking<\/p>\n\n\n<div style=\"height:20px\" aria-hidden=\"true\" class=\"wp-block-spacer\"><\/div>\n\n\n\n<ul class=\"wp-block-social-links has-normal-icon-size has-icon-color has-icon-background-color is-content-justification-center is-layout-flex wp-container-core-social-links-is-layout-46c320da wp-block-social-links-is-layout-flex\" style=\"padding-top:var(--wp--preset--spacing--60);padding-bottom:var(--wp--preset--spacing--60)\"><li style=\"color:#000000;background-color:#ffffff;\" class=\"wp-social-link wp-social-link-instagram has-black-color has-white-background-color wp-block-social-link\"><a href=\"https:\/\/wordpress.org\/patterns\/\" class=\"wp-block-social-link-anchor\"><svg width=\"24\" height=\"24\" viewBox=\"0 0 24 24\" version=\"1.1\" xmlns=\"http:\/\/www.w3.org\/2000\/svg\" aria-hidden=\"true\" focusable=\"false\"><path d=\"M12,4.622c2.403,0,2.688,0.009,3.637,0.052c0.877,0.04,1.354,0.187,1.671,0.31c0.42,0.163,0.72,0.358,1.035,0.673 c0.315,0.315,0.51,0.615,0.673,1.035c0.123,0.317,0.27,0.794,0.31,1.671c0.043,0.949,0.052,1.234,0.052,3.637 s-0.009,2.688-0.052,3.637c-0.04,0.877-0.187,1.354-0.31,1.671c-0.163,0.42-0.358,0.72-0.673,1.035 c-0.315,0.315-0.615,0.51-1.035,0.673c-0.317,0.123-0.794,0.27-1.671,0.31c-0.949,0.043-1.233,0.052-3.637,0.052 s-2.688-0.009-3.637-0.052c-0.877-0.04-1.354-0.187-1.671-0.31c-0.42-0.163-0.72-0.358-1.035-0.673 c-0.315-0.315-0.51-0.615-0.673-1.035c-0.123-0.317-0.27-0.794-0.31-1.671C4.631,14.688,4.622,14.403,4.622,12 s0.009-2.688,0.052-3.637c0.04-0.877,0.187-1.354,0.31-1.671c0.163-0.42,0.358-0.72,0.673-1.035 c0.315-0.315,0.615-0.51,1.035-0.673c0.317-0.123,0.794-0.27,1.671-0.31C9.312,4.631,9.597,4.622,12,4.622 M12,3 C9.556,3,9.249,3.01,8.289,3.054C7.331,3.098,6.677,3.25,6.105,3.472C5.513,3.702,5.011,4.01,4.511,4.511 c-0.5,0.5-0.808,1.002-1.038,1.594C3.25,6.677,3.098,7.331,3.054,8.289C3.01,9.249,3,9.556,3,12c0,2.444,0.01,2.751,0.054,3.711 c0.044,0.958,0.196,1.612,0.418,2.185c0.23,0.592,0.538,1.094,1.038,1.594c0.5,0.5,1.002,0.808,1.594,1.038 c0.572,0.222,1.227,0.375,2.185,0.418C9.249,20.99,9.556,21,12,21s2.751-0.01,3.711-0.054c0.958-0.044,1.612-0.196,2.185-0.418 c0.592-0.23,1.094-0.538,1.594-1.038c0.5-0.5,0.808-1.002,1.038-1.594c0.222-0.572,0.375-1.227,0.418-2.185 C20.99,14.751,21,14.444,21,12s-0.01-2.751-0.054-3.711c-0.044-0.958-0.196-1.612-0.418-2.185c-0.23-0.592-0.538-1.094-1.038-1.594 c-0.5-0.5-1.002-0.808-1.594-1.038c-0.572-0.222-1.227-0.375-2.185-0.418C14.751,3.01,14.444,3,12,3L12,3z M12,7.378 c-2.552,0-4.622,2.069-4.622,4.622S9.448,16.622,12,16.622s4.622-2.069,4.622-4.622S14.552,7.378,12,7.378z M12,15 c-1.657,0-3-1.343-3-3s1.343-3,3-3s3,1.343,3,3S13.657,15,12,15z M16.804,6.116c-0.596,0-1.08,0.484-1.08,1.08 s0.484,1.08,1.08,1.08c0.596,0,1.08-0.484,1.08-1.08S17.401,6.116,16.804,6.116z\"><\/path><\/svg><span class=\"wp-block-social-link-label screen-reader-text\">Instagram<\/span><\/a><\/li>\n\n<li style=\"color:#000000;background-color:#ffffff;\" class=\"wp-social-link wp-social-link-bandcamp has-black-color has-white-background-color wp-block-social-link\"><a href=\"https:\/\/wordpress.org\/patterns\/\" class=\"wp-block-social-link-anchor\"><svg width=\"24\" height=\"24\" viewBox=\"0 0 24 24\" version=\"1.1\" xmlns=\"http:\/\/www.w3.org\/2000\/svg\" aria-hidden=\"true\" focusable=\"false\"><path d=\"M15.27 17.289 3 17.289 8.73 6.711 21 6.711 15.27 17.289\"><\/path><\/svg><span class=\"wp-block-social-link-label screen-reader-text\">Bandcamp<\/span><\/a><\/li>\n\n<li style=\"color:#000000;background-color:#ffffff;\" class=\"wp-social-link wp-social-link-twitter has-black-color has-white-background-color wp-block-social-link\"><a href=\"https:\/\/wordpress.org\/patterns\/\" class=\"wp-block-social-link-anchor\"><svg width=\"24\" height=\"24\" viewBox=\"0 0 24 24\" version=\"1.1\" xmlns=\"http:\/\/www.w3.org\/2000\/svg\" aria-hidden=\"true\" focusable=\"false\"><path d=\"M22.23,5.924c-0.736,0.326-1.527,0.547-2.357,0.646c0.847-0.508,1.498-1.312,1.804-2.27 c-0.793,0.47-1.671,0.812-2.606,0.996C18.324,4.498,17.257,4,16.077,4c-2.266,0-4.103,1.837-4.103,4.103 c0,0.322,0.036,0.635,0.106,0.935C8.67,8.867,5.647,7.234,3.623,4.751C3.27,5.357,3.067,6.062,3.067,6.814 c0,1.424,0.724,2.679,1.825,3.415c-0.673-0.021-1.305-0.206-1.859-0.513c0,0.017,0,0.034,0,0.052c0,1.988,1.414,3.647,3.292,4.023 c-0.344,0.094-0.707,0.144-1.081,0.144c-0.264,0-0.521-0.026-0.772-0.074c0.522,1.63,2.038,2.816,3.833,2.85 c-1.404,1.1-3.174,1.756-5.096,1.756c-0.331,0-0.658-0.019-0.979-0.057c1.816,1.164,3.973,1.843,6.29,1.843 c7.547,0,11.675-6.252,11.675-11.675c0-0.178-0.004-0.355-0.012-0.531C20.985,7.47,21.68,6.747,22.23,5.924z\"><\/path><\/svg><span class=\"wp-block-social-link-label screen-reader-text\">Twitter<\/span><\/a><\/li>\n\n<li style=\"color:#000000;background-color:#ffffff;\" class=\"wp-social-link wp-social-link-twitch has-black-color has-white-background-color wp-block-social-link\"><a href=\"https:\/\/wordpress.org\/patterns\/\" class=\"wp-block-social-link-anchor\"><svg width=\"24\" height=\"24\" viewBox=\"0 0 24 24\" version=\"1.1\" xmlns=\"http:\/\/www.w3.org\/2000\/svg\" aria-hidden=\"true\" focusable=\"false\"><path d=\"M16.499,8.089h-1.636v4.91h1.636V8.089z M12,8.089h-1.637v4.91H12V8.089z M4.228,3.178L3,6.451v13.092h4.499V22h2.456 l2.454-2.456h3.681L21,14.636V3.178H4.228z M19.364,13.816l-2.864,2.865H12l-2.453,2.453V16.68H5.863V4.814h13.501V13.816z\"><\/path><\/svg><span class=\"wp-block-social-link-label screen-reader-text\">Twitch<\/span><\/a><\/li><\/ul>\n<\/div>\n\n\n\n<div class=\"wp-block-group alignfull has-background-color has-white-color has-black-background-color has-text-color has-background has-link-color wp-elements-703c1f5f1204d0636cd09bfe576d9ccd is-vertical is-content-justification-stretch is-layout-flex wp-container-core-group-is-layout-48a3dbfb wp-block-group-is-layout-flex\" style=\"min-height:40vh;margin-top:0;margin-bottom:0;padding-top:var(--wp--preset--spacing--60);padding-right:var(--wp--preset--spacing--40);padding-bottom:var(--wp--preset--spacing--60);padding-left:var(--wp--preset--spacing--40)\">\n<div class=\"wp-block-columns alignwide has-small-font-size is-layout-flex wp-container-core-columns-is-layout-28f84493 wp-block-columns-is-layout-flex\">\n<div class=\"wp-block-column is-layout-flow wp-block-column-is-layout-flow\">\n<p class=\"has-text-align-center\">Lokalizacja:<\/p>\n\n\n\n<p class=\"has-text-align-center\">Plewiska, Pozna\u0144<br>Polska<\/p>\n\n\n\n<div style=\"height:24px\" aria-hidden=\"true\" class=\"wp-block-spacer\"><\/div>\n<\/div>\n\n\n\n<div class=\"wp-block-column is-layout-flow wp-block-column-is-layout-flow\">\n<p class=\"has-text-align-center\">Strony:<\/p>\n\n\n<nav class=\"has-small-font-size items-justified-center is-vertical no-wrap wp-block-navigation is-content-justification-center is-nowrap is-layout-flex wp-container-core-navigation-is-layout-34a3ecb2 wp-block-navigation-is-layout-flex\" aria-label=\"main\"><ul class=\"wp-block-navigation__container has-small-font-size items-justified-center is-vertical no-wrap wp-block-navigation has-small-font-size\"><li class=\"has-small-font-size wp-block-navigation-item  menu-item menu-item-type-post_type menu-item-object-page menu-item-home wp-block-navigation-link\"><a class=\"wp-block-navigation-item__content\"  href=\"https:\/\/siudzinska.eu\/\" title=\"\"><span class=\"wp-block-navigation-item__label\">O mnie<\/span><\/a><\/li><\/ul><ul class=\"wp-block-navigation__container has-small-font-size items-justified-center is-vertical no-wrap wp-block-navigation has-small-font-size\"><li class=\"has-small-font-size wp-block-navigation-item  menu-item menu-item-type-post_type menu-item-object-page wp-block-navigation-link\"><a class=\"wp-block-navigation-item__content\"  href=\"https:\/\/siudzinska.eu\/index.php\/umow-sie-na-spotkanie\/\" title=\"\"><span class=\"wp-block-navigation-item__label\">um\u00f3w si\u0119 na spotkanie<\/span><\/a><\/li><\/ul><\/nav>\n\n\n<div style=\"height:24px\" aria-hidden=\"true\" class=\"wp-block-spacer\"><\/div>\n<\/div>\n\n\n\n<div class=\"wp-block-column is-layout-flow wp-block-column-is-layout-flow\">\n<p class=\"has-text-align-center\">Odwied\u017a r\u00f3wnie\u017c:<\/p>\n\n\n\n<div class=\"wp-block-group is-vertical is-content-justification-center is-layout-flex wp-container-core-group-is-layout-0e868306 wp-block-group-is-layout-flex\">\n<p><a href=\"#\">Facebook<\/a><\/p>\n\n\n\n<p><a href=\"#\">Instagram<\/a><\/p>\n\n\n\n<p><a href=\"#\">Twitter<\/a><\/p>\n<\/div>\n\n\n\n<div style=\"height:24px\" aria-hidden=\"true\" class=\"wp-block-spacer\"><\/div>\n<\/div>\n<\/div>\n<\/div>\n","protected":false},"excerpt":{"rendered":"<p>U\u015bmiechamy si\u0119 pob\u0142a\u017cliwie do tych wszystkich zmian w weekend, wielkich transformacji, warsztat\u00f3w na Bali. Wiemy, \u017ce \u017cycie to nie jest jedna d\u0142uga rolka na Instagramie. Zmiana. Trzeba si\u0119 zmieni\u0107. Trzeba by\u0107 innym. Awansowa\u0107. Mie\u0107 karier\u0119. Rodzin\u0119. Pasje. Trzeba. Du\u017co rzeczy w \u017cyciu trzeba. Wszyscy opowiadamy sobie t\u0119 sam\u0105 bajk\u0119 pod tytu\u0142em: Zrobi\u0119 to, jak tylko [&hellip;]<\/p>\n","protected":false},"author":1,"featured_media":0,"parent":0,"menu_order":0,"comment_status":"closed","ping_status":"closed","template":"","meta":{"_uag_custom_page_level_css":"","site-sidebar-layout":"default","site-content-layout":"","ast-site-content-layout":"","site-content-style":"default","site-sidebar-style":"default","ast-global-header-display":"","ast-banner-title-visibility":"","ast-main-header-display":"","ast-hfb-above-header-display":"","ast-hfb-below-header-display":"","ast-hfb-mobile-header-display":"","site-post-title":"disabled","ast-breadcrumbs-content":"","ast-featured-img":"","footer-sml-layout":"","theme-transparent-header-meta":"","adv-header-id-meta":"","stick-header-meta":"","header-above-stick-meta":"","header-main-stick-meta":"","header-below-stick-meta":"","astra-migrate-meta-layouts":"default","ast-page-background-enabled":"default","ast-page-background-meta":{"desktop":{"background-color":"","background-image":"","background-repeat":"repeat","background-position":"center center","background-size":"auto","background-attachment":"scroll","background-type":"","background-media":"","overlay-type":"","overlay-color":"","overlay-opacity":"","overlay-gradient":""},"tablet":{"background-color":"","background-image":"","background-repeat":"repeat","background-position":"center center","background-size":"auto","background-attachment":"scroll","background-type":"","background-media":"","overlay-type":"","overlay-color":"","overlay-opacity":"","overlay-gradient":""},"mobile":{"background-color":"","background-image":"","background-repeat":"repeat","background-position":"center center","background-size":"auto","background-attachment":"scroll","background-type":"","background-media":"","overlay-type":"","overlay-color":"","overlay-opacity":"","overlay-gradient":""}},"ast-content-background-meta":{"desktop":{"background-color":"var(--ast-global-color-5)","background-image":"","background-repeat":"repeat","background-position":"center center","background-size":"auto","background-attachment":"scroll","background-type":"","background-media":"","overlay-type":"","overlay-color":"","overlay-opacity":"","overlay-gradient":""},"tablet":{"background-color":"var(--ast-global-color-5)","background-image":"","background-repeat":"repeat","background-position":"center center","background-size":"auto","background-attachment":"scroll","background-type":"","background-media":"","overlay-type":"","overlay-color":"","overlay-opacity":"","overlay-gradient":""},"mobile":{"background-color":"var(--ast-global-color-5)","background-image":"","background-repeat":"repeat","background-position":"center center","background-size":"auto","background-attachment":"scroll","background-type":"","background-media":"","overlay-type":"","overlay-color":"","overlay-opacity":"","overlay-gradient":""}},"footnotes":""},"class_list":["post-171","page","type-page","status-publish","hentry"],"uagb_featured_image_src":{"full":false,"thumbnail":false,"medium":false,"medium_large":false,"large":false,"post-slider-thumb-size":false,"post-category-slider-size":false,"1536x1536":false,"2048x2048":false},"uagb_author_info":{"display_name":"m.","author_link":"https:\/\/siudzinska.eu\/author\/admin6077\/"},"uagb_comment_info":0,"uagb_excerpt":"U\u015bmiechamy si\u0119 pob\u0142a\u017cliwie do tych wszystkich zmian w weekend, wielkich transformacji, warsztat\u00f3w na Bali. Wiemy, \u017ce \u017cycie to nie jest jedna d\u0142uga rolka na Instagramie. Zmiana. Trzeba si\u0119 zmieni\u0107. Trzeba by\u0107 innym. Awansowa\u0107. Mie\u0107 karier\u0119. Rodzin\u0119. Pasje. Trzeba. Du\u017co rzeczy w \u017cyciu trzeba. Wszyscy opowiadamy sobie t\u0119 sam\u0105 bajk\u0119 pod tytu\u0142em: Zrobi\u0119 to, jak tylko&hellip;","jetpack_sharing_enabled":true,"_links":{"self":[{"href":"https:\/\/siudzinska.eu\/wp-json\/wp\/v2\/pages\/171","targetHints":{"allow":["GET"]}}],"collection":[{"href":"https:\/\/siudzinska.eu\/wp-json\/wp\/v2\/pages"}],"about":[{"href":"https:\/\/siudzinska.eu\/wp-json\/wp\/v2\/types\/page"}],"author":[{"embeddable":true,"href":"https:\/\/siudzinska.eu\/wp-json\/wp\/v2\/users\/1"}],"replies":[{"embeddable":true,"href":"https:\/\/siudzinska.eu\/wp-json\/wp\/v2\/comments?post=171"}],"version-history":[{"count":58,"href":"https:\/\/siudzinska.eu\/wp-json\/wp\/v2\/pages\/171\/revisions"}],"predecessor-version":[{"id":304,"href":"https:\/\/siudzinska.eu\/wp-json\/wp\/v2\/pages\/171\/revisions\/304"}],"wp:attachment":[{"href":"https:\/\/siudzinska.eu\/wp-json\/wp\/v2\/media?parent=171"}],"curies":[{"name":"wp","href":"https:\/\/api.w.org\/{rel}","templated":true}]}}